{"id":7,"date":"2025-05-21T09:14:12","date_gmt":"2025-05-21T09:14:12","guid":{"rendered":"https:\/\/pbm3h23aog.web.bib.de\/?page_id=7"},"modified":"2025-05-21T09:16:52","modified_gmt":"2025-05-21T09:16:52","slug":"die-mastermind-gruppe-und-was-wir-so-machen","status":"publish","type":"page","link":"https:\/\/pbm3h23aog.web.bib.de\/?page_id=7","title":{"rendered":"Die Mastermind-Gruppe und was wir so machen."},"content":{"rendered":"\n<blockquote class=\"wp-block-quote is-layout-flow wp-block-quote-is-layout-flow\">\n<p>&#8222;Die Lippen der Weisheit sind verschlossen, nur nicht f\u00fcr die Ohren des Verst\u00e4ndnisses&#8220; &#8211;  Kybalion<\/p>\n<\/blockquote>\n\n\n\n<div class=\"wp-block-group alignfull is-style-section-1 has-global-padding is-layout-constrained wp-block-group-is-layout-constrained is-style-section-1--1\" style=\"margin-top:0;margin-bottom:0;padding-top:var(--wp--preset--spacing--80);padding-bottom:var(--wp--preset--spacing--80)\">\n<div class=\"wp-block-columns alignwide is-layout-flex wp-container-core-columns-is-layout-66fad18a wp-block-columns-is-layout-flex\">\n<div class=\"wp-block-column is-layout-flow wp-block-column-is-layout-flow\" style=\"padding-right:var(--wp--preset--spacing--50);flex-basis:45%\">\n<figure class=\"wp-block-image size-full\"><img loading=\"lazy\" decoding=\"async\" width=\"1014\" height=\"699\" src=\"https:\/\/pbm3h23aog.web.bib.de\/wp-content\/uploads\/2025\/05\/image.png\" alt=\"\" class=\"wp-image-9\" srcset=\"https:\/\/pbm3h23aog.web.bib.de\/wp-content\/uploads\/2025\/05\/image.png 1014w, https:\/\/pbm3h23aog.web.bib.de\/wp-content\/uploads\/2025\/05\/image-300x207.png 300w, https:\/\/pbm3h23aog.web.bib.de\/wp-content\/uploads\/2025\/05\/image-768x529.png 768w\" sizes=\"auto, (max-width: 1014px) 100vw, 1014px\" \/><\/figure>\n\n\n\n<div class=\"wp-block-group has-global-padding is-layout-constrained wp-block-group-is-layout-constrained\" style=\"margin-top:-12vw\"><\/div>\n<\/div>\n\n\n\n<div class=\"wp-block-column is-vertically-aligned-center is-layout-flow wp-block-column-is-layout-flow\" style=\"padding-right:0;padding-left:0;flex-basis:50%\">\n<div class=\"wp-block-group is-vertical is-layout-flex wp-container-core-group-is-layout-fe9cc265 wp-block-group-is-layout-flex\">\n<h2 class=\"wp-block-heading is-style-text-annotation is-style-text-annotation--2\">\u00dcber uns<\/h2>\n<\/div>\n\n\n\n<p class=\"is-style-text-subtitle is-style-text-subtitle--3\">Die eingeweihten namens Niklas, Antonia, Denis und Alex besch\u00e4ftigen sich jeden Sonntag um 15:00 Uhr mit den hermetischen Lehren.<\/p>\n<\/div>\n<\/div>\n\n\n\n<figure class=\"wp-block-image size-large is-resized\"><img loading=\"lazy\" decoding=\"async\" width=\"1024\" height=\"682\" src=\"https:\/\/pbm3h23aog.web.bib.de\/wp-content\/uploads\/2025\/05\/image-2-1024x682.png\" alt=\"\" class=\"wp-image-11\" style=\"width:426px;height:auto\" srcset=\"https:\/\/pbm3h23aog.web.bib.de\/wp-content\/uploads\/2025\/05\/image-2-1024x682.png 1024w, https:\/\/pbm3h23aog.web.bib.de\/wp-content\/uploads\/2025\/05\/image-2-300x200.png 300w, https:\/\/pbm3h23aog.web.bib.de\/wp-content\/uploads\/2025\/05\/image-2-768x512.png 768w, https:\/\/pbm3h23aog.web.bib.de\/wp-content\/uploads\/2025\/05\/image-2-1536x1023.png 1536w, https:\/\/pbm3h23aog.web.bib.de\/wp-content\/uploads\/2025\/05\/image-2.png 1600w\" sizes=\"auto, (max-width: 1024px) 100vw, 1024px\" \/><\/figure>\n<\/div>\n\n\n\n<div class=\"wp-block-group alignfull has-global-padding is-layout-constrained wp-container-core-group-is-layout-0c9c989a wp-block-group-is-layout-constrained\" style=\"min-height:0vh;margin-top:0;margin-bottom:0;padding-top:var(--wp--preset--spacing--70);padding-right:var(--wp--preset--spacing--40);padding-bottom:var(--wp--preset--spacing--70);padding-left:var(--wp--preset--spacing--40)\">\n<div class=\"wp-block-group has-global-padding is-layout-constrained wp-container-core-group-is-layout-346627ba wp-block-group-is-layout-constrained\">\n<h2 class=\"wp-block-heading has-text-align-center has-xx-large-font-size\" style=\"margin-right:0;margin-left:0;padding-right:0;padding-left:0\">Entfalte dein inneres Wissen<\/h2>\n\n\n\n<p class=\"has-text-align-center\">Wie das Kybalion lehrt, ist das Universum von Prinzipien durchdrungen \u2013 Geist, Schwingung, Rhythmus. Wer sie versteht, beginnt, sich selbst und die Welt neu zu sehen.<\/p>\n\n\n\n<p class=\"has-text-align-center\">Jede Geschichte ist ein Ausdruck dieser kosmischen Gesetze \u2013 voller Erkenntnis, Wandel und innerer Kraft.<\/p>\n\n\n\n<div class=\"wp-block-buttons is-content-justification-center is-layout-flex wp-container-core-buttons-is-layout-a89b3969 wp-block-buttons-is-layout-flex\">\n<div class=\"wp-block-button\"><a class=\"wp-block-button__link wp-element-button\">Trete der Mastermind-Gruppe bei<\/a><\/div>\n<\/div>\n<\/div>\n<\/div>\n\n\n\n<div class=\"wp-block-group alignfull has-global-padding is-layout-constrained wp-block-group-is-layout-constrained\" style=\"margin-top:0;margin-bottom:0;padding-top:var(--wp--preset--spacing--50);padding-bottom:var(--wp--preset--spacing--50)\">\n<div class=\"wp-block-columns alignwide is-layout-flex wp-container-core-columns-is-layout-fa584acd wp-block-columns-is-layout-flex\">\n<div class=\"wp-block-column is-vertically-aligned-center is-layout-flow wp-block-column-is-layout-flow\">\n<h2 class=\"wp-block-heading has-xx-large-font-size\">\u00dcber das Buch<\/h2>\n\n\n\n<p class=\"has-medium-font-size\">Das <strong>Kybalion<\/strong> ist ein geheimnisvolles Buch, das tief in die spirituelle Philosophie eintaucht. Es wurde Anfang des 20. Jahrhunderts ver\u00f6ffentlicht, doch seine Wurzeln reichen angeblich bis in die Antike zur\u00fcck \u2013 zur legend\u00e4ren Figur Hermes Trismegistos, einem Symbol f\u00fcr uraltes Wissen. Das Werk verspricht nicht nur Erkenntnisse \u00fcber das Universum, sondern auch \u00fcber die verborgenen Kr\u00e4fte, die unser Denken, F\u00fchlen und Handeln lenken.<\/p>\n\n\n\n<p class=\"has-medium-font-size\">In einer Mischung aus Mystik, Logik und spiritueller Tiefe versucht das Kybalion, den Leser f\u00fcr unsichtbare Gesetzm\u00e4\u00dfigkeiten zu sensibilisieren, die das Leben durchdringen \u2013 auf mentaler, seelischer und physischer Ebene. Wer sich darauf einl\u00e4sst, begibt sich auf eine Reise zu einem tieferen Verst\u00e4ndnis von sich selbst und der Welt. Es ist kein gew\u00f6hnliches Buch \u2013 sondern ein Schl\u00fcssel zu einem Weltbild, das Verstand und Intuition gleicherma\u00dfen herausfordert.<\/p>\n<\/div>\n\n\n\n<div class=\"wp-block-column is-vertically-aligned-center is-layout-flow wp-block-column-is-layout-flow\">\n<figure class=\"wp-block-image size-large is-resized\"><img loading=\"lazy\" decoding=\"async\" width=\"707\" height=\"1024\" src=\"https:\/\/pbm3h23aog.web.bib.de\/wp-content\/uploads\/2025\/05\/image-1-707x1024.png\" alt=\"\" class=\"wp-image-10\" style=\"width:388px;height:auto\" srcset=\"https:\/\/pbm3h23aog.web.bib.de\/wp-content\/uploads\/2025\/05\/image-1-707x1024.png 707w, https:\/\/pbm3h23aog.web.bib.de\/wp-content\/uploads\/2025\/05\/image-1-207x300.png 207w, https:\/\/pbm3h23aog.web.bib.de\/wp-content\/uploads\/2025\/05\/image-1-768x1113.png 768w, https:\/\/pbm3h23aog.web.bib.de\/wp-content\/uploads\/2025\/05\/image-1-1060x1536.png 1060w, https:\/\/pbm3h23aog.web.bib.de\/wp-content\/uploads\/2025\/05\/image-1.png 1380w\" sizes=\"auto, (max-width: 707px) 100vw, 707px\" \/><\/figure>\n<\/div>\n<\/div>\n<\/div>\n\n\n\n<div class=\"wp-block-group alignfull has-global-padding is-layout-constrained wp-container-core-group-is-layout-ebee8dc1 wp-block-group-is-layout-constrained\" style=\"margin-top:0;margin-bottom:0;padding-top:var(--wp--preset--spacing--50);padding-bottom:var(--wp--preset--spacing--50)\">\n<h2 class=\"wp-block-heading alignwide\">Die 7 hermetischen Prinzipien des Kybalion<\/h2>\n\n\n\n<div class=\"wp-block-columns alignwide is-layout-flex wp-container-core-columns-is-layout-28f84493 wp-block-columns-is-layout-flex\">\n<div class=\"wp-block-column is-layout-flow wp-block-column-is-layout-flow\">\n<figure class=\"wp-block-image size-full\"><img loading=\"lazy\" decoding=\"async\" width=\"1024\" height=\"1024\" src=\"https:\/\/pbm3h23aog.web.bib.de\/wp-content\/uploads\/2025\/05\/image-3.png\" alt=\"\" class=\"wp-image-12\" srcset=\"https:\/\/pbm3h23aog.web.bib.de\/wp-content\/uploads\/2025\/05\/image-3.png 1024w, https:\/\/pbm3h23aog.web.bib.de\/wp-content\/uploads\/2025\/05\/image-3-300x300.png 300w, https:\/\/pbm3h23aog.web.bib.de\/wp-content\/uploads\/2025\/05\/image-3-150x150.png 150w, https:\/\/pbm3h23aog.web.bib.de\/wp-content\/uploads\/2025\/05\/image-3-768x768.png 768w\" sizes=\"auto, (max-width: 1024px) 100vw, 1024px\" \/><\/figure>\n\n\n\n<h3 class=\"wp-block-heading\"><strong>Das Prinzip des Geistes (Mentalismus)<\/strong><\/h3>\n\n\n\n<div class=\"wp-block-group has-global-padding is-layout-constrained wp-block-group-is-layout-constrained\">\n<p class=\"has-medium-font-size\"><em>\u201eAlles ist Geist.\u201c<\/em><br>Die Realit\u00e4t ist ein geistiges Konstrukt. Alles, was existiert, entspringt einem universellen Bewusstsein.<\/p>\n<\/div>\n<\/div>\n\n\n\n<div class=\"wp-block-column is-layout-flow wp-block-column-is-layout-flow\">\n<figure class=\"wp-block-image size-full\"><img loading=\"lazy\" decoding=\"async\" width=\"1024\" height=\"1024\" src=\"https:\/\/pbm3h23aog.web.bib.de\/wp-content\/uploads\/2025\/05\/image-4.png\" alt=\"\" class=\"wp-image-13\" srcset=\"https:\/\/pbm3h23aog.web.bib.de\/wp-content\/uploads\/2025\/05\/image-4.png 1024w, https:\/\/pbm3h23aog.web.bib.de\/wp-content\/uploads\/2025\/05\/image-4-300x300.png 300w, https:\/\/pbm3h23aog.web.bib.de\/wp-content\/uploads\/2025\/05\/image-4-150x150.png 150w, https:\/\/pbm3h23aog.web.bib.de\/wp-content\/uploads\/2025\/05\/image-4-768x768.png 768w\" sizes=\"auto, (max-width: 1024px) 100vw, 1024px\" \/><\/figure>\n\n\n\n<h3 class=\"wp-block-heading\"><strong>Das Prinzip der Entsprechung (Korrelation)<\/strong><\/h3>\n\n\n\n<p class=\"has-medium-font-size\"><em>\u201eWie oben, so unten; wie innen, so au\u00dfen.\u201c<\/em><br>Muster wiederholen sich auf allen Ebenen des Seins \u2013 vom Kosmos bis zur Psyche. Wer das Kleine versteht, erkennt das Gro\u00dfe.<\/p>\n<\/div>\n\n\n\n<div class=\"wp-block-column is-layout-flow wp-block-column-is-layout-flow\">\n<figure class=\"wp-block-image size-full\"><img loading=\"lazy\" decoding=\"async\" width=\"1024\" height=\"1024\" src=\"https:\/\/pbm3h23aog.web.bib.de\/wp-content\/uploads\/2025\/05\/image-5.png\" alt=\"\" class=\"wp-image-14\" srcset=\"https:\/\/pbm3h23aog.web.bib.de\/wp-content\/uploads\/2025\/05\/image-5.png 1024w, https:\/\/pbm3h23aog.web.bib.de\/wp-content\/uploads\/2025\/05\/image-5-300x300.png 300w, https:\/\/pbm3h23aog.web.bib.de\/wp-content\/uploads\/2025\/05\/image-5-150x150.png 150w, https:\/\/pbm3h23aog.web.bib.de\/wp-content\/uploads\/2025\/05\/image-5-768x768.png 768w\" sizes=\"auto, (max-width: 1024px) 100vw, 1024px\" \/><\/figure>\n\n\n\n<h3 class=\"wp-block-heading\"><strong>Das Prinzip der Schwingung (Vibration)<\/strong><\/h3>\n\n\n\n<p class=\"has-medium-font-size\"><em>\u201eNichts ruht; alles bewegt sich; alles schwingt.\u201c<\/em><br>Alles im Universum ist in st\u00e4ndiger Bewegung. Auch Gedanken und Gef\u00fchle haben ihre eigene Schwingung.<\/p>\n<\/div>\n<\/div>\n\n\n\n<div class=\"wp-block-columns alignwide is-layout-flex wp-container-core-columns-is-layout-28f84493 wp-block-columns-is-layout-flex\">\n<div class=\"wp-block-column is-layout-flow wp-block-column-is-layout-flow\">\n<figure class=\"wp-block-image size-full\"><img loading=\"lazy\" decoding=\"async\" width=\"1024\" height=\"1024\" src=\"https:\/\/pbm3h23aog.web.bib.de\/wp-content\/uploads\/2025\/05\/image-6.png\" alt=\"\" class=\"wp-image-15\" srcset=\"https:\/\/pbm3h23aog.web.bib.de\/wp-content\/uploads\/2025\/05\/image-6.png 1024w, https:\/\/pbm3h23aog.web.bib.de\/wp-content\/uploads\/2025\/05\/image-6-300x300.png 300w, https:\/\/pbm3h23aog.web.bib.de\/wp-content\/uploads\/2025\/05\/image-6-150x150.png 150w, https:\/\/pbm3h23aog.web.bib.de\/wp-content\/uploads\/2025\/05\/image-6-768x768.png 768w\" sizes=\"auto, (max-width: 1024px) 100vw, 1024px\" \/><\/figure>\n\n\n\n<h3 class=\"wp-block-heading\"><strong>Das Prinzip der Polarit\u00e4t (Gegens\u00e4tze)<\/strong><\/h3>\n\n\n\n<div class=\"wp-block-group has-global-padding is-layout-constrained wp-block-group-is-layout-constrained\">\n<p class=\"has-medium-font-size\"><em>\u201eAlles ist zweifach; alles hat Pole.\u201c<\/em><br>Gegens\u00e4tze wie Licht und Dunkel, Liebe und Hass sind nur unterschiedliche Grade derselben Sache. Erkenntnis entsteht durch Integration der Pole<\/p>\n<\/div>\n<\/div>\n\n\n\n<div class=\"wp-block-column is-layout-flow wp-block-column-is-layout-flow\">\n<figure class=\"wp-block-image size-full\"><img loading=\"lazy\" decoding=\"async\" width=\"1024\" height=\"1024\" src=\"https:\/\/pbm3h23aog.web.bib.de\/wp-content\/uploads\/2025\/05\/image-7.png\" alt=\"\" class=\"wp-image-16\" srcset=\"https:\/\/pbm3h23aog.web.bib.de\/wp-content\/uploads\/2025\/05\/image-7.png 1024w, https:\/\/pbm3h23aog.web.bib.de\/wp-content\/uploads\/2025\/05\/image-7-300x300.png 300w, https:\/\/pbm3h23aog.web.bib.de\/wp-content\/uploads\/2025\/05\/image-7-150x150.png 150w, https:\/\/pbm3h23aog.web.bib.de\/wp-content\/uploads\/2025\/05\/image-7-768x768.png 768w\" sizes=\"auto, (max-width: 1024px) 100vw, 1024px\" \/><\/figure>\n\n\n\n<h3 class=\"wp-block-heading\"><strong>Das Prinzip des Rhythmus<\/strong><\/h3>\n\n\n\n<p class=\"has-medium-font-size\"><em>\u201eAlles flie\u00dft, hinein und hinaus.\u201c<\/em><br>Das Leben folgt einem nat\u00fcrlichen Auf und Ab \u2013 wie Wellen, Zyklen und Jahreszeiten. Wer den Rhythmus kennt, lebt im Einklang.<\/p>\n<\/div>\n\n\n\n<div class=\"wp-block-column is-layout-flow wp-block-column-is-layout-flow\">\n<figure class=\"wp-block-image size-full\"><img loading=\"lazy\" decoding=\"async\" width=\"1024\" height=\"1024\" src=\"https:\/\/pbm3h23aog.web.bib.de\/wp-content\/uploads\/2025\/05\/image-8.png\" alt=\"\" class=\"wp-image-17\" srcset=\"https:\/\/pbm3h23aog.web.bib.de\/wp-content\/uploads\/2025\/05\/image-8.png 1024w, https:\/\/pbm3h23aog.web.bib.de\/wp-content\/uploads\/2025\/05\/image-8-300x300.png 300w, https:\/\/pbm3h23aog.web.bib.de\/wp-content\/uploads\/2025\/05\/image-8-150x150.png 150w, https:\/\/pbm3h23aog.web.bib.de\/wp-content\/uploads\/2025\/05\/image-8-768x768.png 768w\" sizes=\"auto, (max-width: 1024px) 100vw, 1024px\" \/><\/figure>\n\n\n\n<h3 class=\"wp-block-heading\"><strong>Das Prinzip von Ursache und Wirkung (Kausalit\u00e4t)<\/strong><\/h3>\n\n\n\n<p class=\"has-medium-font-size\"><em>\u201eJede Ursache hat ihre Wirkung; jede Wirkung ihre Ursache.\u201c<\/em><br>Zufall existiert nicht \u2013 alles geschieht aus einem Grund. Bewusstsein \u00fcber Ursachen bedeutet Kontrolle \u00fcber Wirkungen.<\/p>\n<\/div>\n<\/div>\n<\/div>\n\n\n\n<div class=\"wp-block-group alignfull has-global-padding is-layout-constrained wp-block-group-is-layout-constrained\" style=\"margin-top:0;margin-bottom:0;padding-top:var(--wp--preset--spacing--50);padding-bottom:var(--wp--preset--spacing--50)\">\n<div class=\"wp-block-columns alignwide is-layout-flex wp-container-core-columns-is-layout-47c06fe3 wp-block-columns-is-layout-flex\">\n<div class=\"wp-block-column is-layout-flow wp-block-column-is-layout-flow\" style=\"flex-basis:56%\">\n<figure class=\"wp-block-image size-full\"><img loading=\"lazy\" decoding=\"async\" width=\"1024\" height=\"1024\" src=\"https:\/\/pbm3h23aog.web.bib.de\/wp-content\/uploads\/2025\/05\/image-9.png\" alt=\"\" class=\"wp-image-18\" srcset=\"https:\/\/pbm3h23aog.web.bib.de\/wp-content\/uploads\/2025\/05\/image-9.png 1024w, https:\/\/pbm3h23aog.web.bib.de\/wp-content\/uploads\/2025\/05\/image-9-300x300.png 300w, https:\/\/pbm3h23aog.web.bib.de\/wp-content\/uploads\/2025\/05\/image-9-150x150.png 150w, https:\/\/pbm3h23aog.web.bib.de\/wp-content\/uploads\/2025\/05\/image-9-768x768.png 768w\" sizes=\"auto, (max-width: 1024px) 100vw, 1024px\" \/><\/figure>\n<\/div>\n\n\n\n<div class=\"wp-block-column is-vertically-aligned-center is-layout-flow wp-container-core-column-is-layout-119bc444 wp-block-column-is-layout-flow\">\n<h2 class=\"wp-block-heading\">Willst du das letzte Prinzip kennen?<\/h2>\n\n\n\n<p>Wie das Kybalion lehrt, folgen alle Dinge universellen Gesetzen \u2013 von Geist \u00fcber Rhythmus bis Polarit\u00e4t. Doch das siebte Prinzip bleibt f\u00fcr viele verborgen. Nur wer tiefer eintaucht, erkennt seine wahre Bedeutung.<\/p>\n\n\n\n<p>Trete unserer Mastermind-Gruppe bei und beginne, die Gesetze nicht nur zu kennen \u2013 sondern zu leben. Entfalte dein Potenzial durch uraltes Wissen und moderne Erkenntnis.<\/p>\n\n\n\n<div class=\"wp-block-buttons is-layout-flex wp-block-buttons-is-layout-flex\">\n<div class=\"wp-block-button\"><a class=\"wp-block-button__link wp-element-button\">Trete der Mastermind-Gruppe bei<\/a><\/div>\n<\/div>\n<\/div>\n<\/div>\n<\/div>\n","protected":false},"excerpt":{"rendered":"<p>&#8222;Die Lippen der Weisheit sind verschlossen, nur nicht f\u00fcr die Ohren des Verst\u00e4ndnisses&#8220; &#8211; Kybalion \u00dcber uns Die eingeweihten namens Niklas, Antonia, Denis und Alex besch\u00e4ftigen sich jeden Sonntag um 15:00 Uhr mit den hermetischen Lehren. Entfalte dein inneres Wissen Wie das Kybalion lehrt, ist das Universum von Prinzipien durchdrungen \u2013 Geist, Schwingung, Rhythmus. Wer [&hellip;]<\/p>\n","protected":false},"author":1,"featured_media":0,"parent":0,"menu_order":0,"comment_status":"closed","ping_status":"closed","template":"","meta":{"footnotes":""},"class_list":["post-7","page","type-page","status-publish","hentry"],"_links":{"self":[{"href":"https:\/\/pbm3h23aog.web.bib.de\/index.php?rest_route=\/wp\/v2\/pages\/7","targetHints":{"allow":["GET"]}}],"collection":[{"href":"https:\/\/pbm3h23aog.web.bib.de\/index.php?rest_route=\/wp\/v2\/pages"}],"about":[{"href":"https:\/\/pbm3h23aog.web.bib.de\/index.php?rest_route=\/wp\/v2\/types\/page"}],"author":[{"embeddable":true,"href":"https:\/\/pbm3h23aog.web.bib.de\/index.php?rest_route=\/wp\/v2\/users\/1"}],"replies":[{"embeddable":true,"href":"https:\/\/pbm3h23aog.web.bib.de\/index.php?rest_route=%2Fwp%2Fv2%2Fcomments&post=7"}],"version-history":[{"count":2,"href":"https:\/\/pbm3h23aog.web.bib.de\/index.php?rest_route=\/wp\/v2\/pages\/7\/revisions"}],"predecessor-version":[{"id":21,"href":"https:\/\/pbm3h23aog.web.bib.de\/index.php?rest_route=\/wp\/v2\/pages\/7\/revisions\/21"}],"wp:attachment":[{"href":"https:\/\/pbm3h23aog.web.bib.de\/index.php?rest_route=%2Fwp%2Fv2%2Fmedia&parent=7"}],"curies":[{"name":"wp","href":"https:\/\/api.w.org\/{rel}","templated":true}]}}